{"id":61,"date":"2026-01-26T11:58:43","date_gmt":"2026-01-26T11:58:43","guid":{"rendered":"https:\/\/institutomedicoplatense.com\/blog\/?page_id=61"},"modified":"2026-01-26T12:43:56","modified_gmt":"2026-01-26T12:43:56","slug":"las-7-claves-para-entender-que-es-la-encefalomielitis-equina-y-como-afecta-a-los-humanos","status":"publish","type":"page","link":"https:\/\/institutomedicoplatense.com\/blog\/las-7-claves-para-entender-que-es-la-encefalomielitis-equina-y-como-afecta-a-los-humanos\/","title":{"rendered":"Las 7 claves para entender qu\u00e9 es la encefalomielitis equina y c\u00f3mo afecta a los humanos"},"content":{"rendered":"\n<figure class=\"wp-block-image size-large\"><a href=\"https:\/\/institutomedicoplatense.com\/blog\/wp-content\/uploads\/2024\/01\/n-mosquitos-1.png\"><img loading=\"lazy\" decoding=\"async\" width=\"1024\" height=\"512\" src=\"https:\/\/institutomedicoplatense.com\/blog\/wp-content\/uploads\/2024\/01\/n-mosquitos-1-1024x512.png\" alt=\"\" class=\"wp-image-15\" srcset=\"https:\/\/institutomedicoplatense.com\/blog\/wp-content\/uploads\/2024\/01\/n-mosquitos-1-1024x512.png 1024w, https:\/\/institutomedicoplatense.com\/blog\/wp-content\/uploads\/2024\/01\/n-mosquitos-1-300x150.png 300w, https:\/\/institutomedicoplatense.com\/blog\/wp-content\/uploads\/2024\/01\/n-mosquitos-1-768x384.png 768w, https:\/\/institutomedicoplatense.com\/blog\/wp-content\/uploads\/2024\/01\/n-mosquitos-1.png 1200w\" sizes=\"auto, (max-width: 1024px) 100vw, 1024px\" \/><\/a><\/figure>\n\n\n\n<p class=\"has-medium-font-size\">La Argentina est\u00e1 enfrentando un brote epid\u00e9mico de la encefalomielitis equina del Oeste, una infecci\u00f3n causada por un virus que se transmite por mosquitos. El mal caus\u00f3 la muerte de una persona en las \u00faltimas horas y, desde noviembre pasado, se detectaron m\u00e1s de 1.100 brotes de la infecci\u00f3n en caballos, yeguas y burros.<\/p>\n\n\n\n<p class=\"has-inter-font-family has-small-font-size\">Diferentes especies de mosquitos pueden transmitir el virus de la encefalomielitis equina del Oeste. No incluye al Aedes aegypti que es vector del dengue\/UC Davis <\/p>\n\n\n\n<p class=\"has-inter-font-family has-small-font-size\">En diciembre, se empez\u00f3 a diagnosticar en seres humanos en el pa\u00eds, un avance que llev\u00f3 a la Organizaci\u00f3n Mundial de la Salud diera un alerta global el jueves pasado. Ya hay 12 casos confirmados de personas con la encefalomielitis equina. Residen en las provincias de Buenos Aires, Entre R\u00edos y Santa Fe, seg\u00fan el \u00faltimo bolet\u00edn epidemiol\u00f3gico del Ministerio de Salud de la Naci\u00f3n. <\/p>\n\n\n\n<p class=\"has-inter-font-family has-small-font-size\">Uno de los afectados falleci\u00f3. Era un hombre de 66 a\u00f1os, oriundo de la provincia de Santa Fe, que hab\u00eda empezado con los s\u00edntomas a finales de noviembre. Resid\u00eda y realizaba actividades recreativas en un \u00e1rea rural y ten\u00eda diabetes. <\/p>\n\n\n\n<p class=\"has-inter-font-family has-small-font-size\">Hasta el momento las personas afectadas en el pa\u00eds por la infecci\u00f3n tienen entre 9 meses y 72 a\u00f1os. La mayor\u00eda son varones. <\/p>\n\n\n\n<p class=\"has-inter-font-family has-small-font-size\">Cient\u00edficos del Conicet y la Universidad Nacional de C\u00f3rdoba est\u00e1n realizando investigaciones para determinar con precisi\u00f3n cu\u00e1les son las especies de mosquitos que est\u00e1n transmitiendo el virus y cu\u00e1les son los animales que sirven como reservorio en la naturaleza. Se sospecha que son aves o roedores. Aqu\u00ed se describen las respuestas a 7 preguntas clave sobre la enfermedad. <\/p>\n\n\n\n<p class=\"has-inter-font-family has-small-font-size\"><strong>1- C\u00f3mo se transmite el virus de la encefalomielitis equina del Oeste <\/strong><\/p>\n\n\n\n<p class=\"has-inter-font-family has-small-font-size\">Consultado hoy por Infobae, el doctor Adri\u00e1n D\u00edaz, cient\u00edfico del Conicet y del Laboratorio de Arbovirus del Instituto de Virolog\u00eda Dr. Jos\u00e9 Mar\u00eda Vanella de la Facultad de Ciencias M\u00e9dicas de la Universidad Nacional de C\u00f3rdoba, respondi\u00f3: \u201cLas evidencias de campo y de laboratorio de epizootias pasadas junto con las pruebas de campo de la epizootia actual demuestran que las especies de mosquitos Aedes albifasciatus y posiblemente Aedes scapularis est\u00e1n transmitiendo el virus de la encefalomielitis equina del Oeste en la Argentina actualmente\u201d. <\/p>\n\n\n\n<p class=\"has-inter-font-family has-small-font-size\">Para confirmar la transmisi\u00f3n por Aedes scapularis, a\u00fan hay que realizar ensayos de competencia para ver si esa especie es vector del virus. \u201cSabemos que ambas especies se encuentran en abundancia en los campos con casos de animales con encefalomielitis, principalmente Aedes Albifasciatus. Estamos haciendo investigaciones tambi\u00e9n para saber de qu\u00e9 especies se alimentan los mosquitos. Podr\u00edan ser aves o roedores, pero a\u00fan no est\u00e1 aclarado\u201d, se\u00f1al\u00f3 D\u00edaz. <\/p>\n\n\n\n<p class=\"has-inter-font-family has-small-font-size\"><strong>2-Cu\u00e1les son los s\u00edntomas de la encefalomielitis<\/strong><\/p>\n\n\n\n<p class=\"has-inter-font-family has-small-font-size\">La encefalomielitis en las personas se presenta con un comienzo s\u00fabito con dolor de cabeza seguido de decaimiento, escalofr\u00edo, fiebre, dolor muscular y malestar general. <\/p>\n\n\n\n<p class=\"has-inter-font-family has-small-font-size\">M\u00e1s adelante, pueden desarrollarse manifestaciones neurol\u00f3gicas, que pueden incluir letargo, somnolencia, rigidez de nuca, fotofobia, y v\u00e9rtigo, y en casos graves, estupor y coma. Los s\u00edntomas neurol\u00f3gicos m\u00e1s frecuentes son debilidad y temblores generalizados. <\/p>\n\n\n\n<p class=\"has-inter-font-family has-small-font-size\"><strong>3- Cu\u00e1ndo se considera que hay un caso sospechoso<\/strong><\/p>\n\n\n\n<p class=\"has-inter-font-family has-small-font-size\">Se considera como caso sospechoso a \u201ctoda persona que proceda de zonas con casos confirmados de encefalomielitis equina del Oeste o presencia de equinos enfermos o muertos en los \u00faltimos 10 d\u00edas y con fiebre de comienzo brusco, acompa\u00f1ado de cefalea o mialgias sin afectaci\u00f3n de las v\u00edas a\u00e9reas superiores, sin foco aparente y que presente manifestaciones neurol\u00f3gicas (v\u00f3mitos, somnolencia, confusi\u00f3n, postraci\u00f3n, temblores) meningitis o encefalitis y sin otra etiolog\u00eda definida\u201d. <\/p>\n\n\n\n<p class=\"has-inter-font-family has-small-font-size\"><strong>4-\u00bfLa encefalomielitis es una enfermedad nueva?<\/strong><\/p>\n\n\n\n<p class=\"has-inter-font-family has-small-font-size\">Se trata de una reemergencia de una infecci\u00f3n viral que hab\u00eda generado brotes en animales y humanos en el pasado. El pat\u00f3geno pertenece al g\u00e9nero de los alfavirus. El 28 de noviembre el Ministerio de Salud de la Naci\u00f3n hab\u00eda alertado a los centros de salud y a los hospitales para que puedan identificar a tiempo casos sospechosos en personas. <\/p>\n\n\n\n<p class=\"has-inter-font-family has-small-font-size\">El virus que causa la encefalomielitis fue descrito por primera vez en 1930 en el Valle Central de California, Estados Unidos, y ocho a\u00f1os m\u00e1s tarde se descubri\u00f3 que no solo afectaba a los caballos sino tambi\u00e9n a los humanos. <\/p>\n\n\n\n<p class=\"has-inter-font-family has-small-font-size\">En la Argentina, desde 1933 hasta 1988 hubo diferentes brotes que afectaron a los equinos principalmente. Solo se reportaron 2 casos humanos en 1972 y otros 5 casos en 1983 en la provincia de R\u00edo Negro. Una de esas 5 personas falleci\u00f3. Hasta llegar al brote actual que hasta el momento arroj\u00f3 un saldo de 12 casos confirmados, uno de los cuales falleci\u00f3. <\/p>\n\n\n\n<p class=\"has-inter-font-family has-small-font-size\"><strong>5- \u00bfEl fen\u00f3meno de El Ni\u00f1o podr\u00eda haber influenciado?<\/strong><\/p>\n\n\n\n<p class=\"has-inter-font-family has-small-font-size\">En el pasado hubo brotes de encefalomielitis equina, pero los casos de personas afectadas fueron muy pocos. De acuerdo con Contigiani, \u201cpodr\u00eda haberse producido alg\u00fan cambio en el virus que est\u00e1 circulando. Hay mucho por investigar a\u00fan\u201d, seg\u00fan dijo a Infobae la doctora Marta Contigiani, profesora em\u00e9rita de la Universidad Nacional de C\u00f3rdoba. <\/p>\n\n\n\n<p class=\"has-inter-font-family has-small-font-size\">El mosquito Aedes Albifasciatus transmite el virus de la encefalomielitis equina. \u201cCon el fen\u00f3meno de El Ni\u00f1o, hubo m\u00e1s lluvias que lo habitual durante 2023. Podr\u00edan haber contribuido al aumento de las poblaciones de los mosquitos vectores y se crearon condiciones que favorecieron la circulaci\u00f3n del virus\u201d, seg\u00fan la experta. <\/p>\n\n\n\n<p class=\"has-inter-font-family has-small-font-size\"><strong>6- Qu\u00e9 se debe hacer para prevenir la encefalomielitis<\/strong><\/p>\n\n\n\n<p class=\"has-inter-font-family has-small-font-size\">Seg\u00fan las \u00faltimas recomendaciones del Ministerio de Salud de la Naci\u00f3n, \u201cla principal medida de prevenci\u00f3n para seres humanos es evitar la picadura de mosquitos que pudieran estar infectados con el virus\u201d. <\/p>\n\n\n\n<p class=\"has-inter-font-family has-small-font-size\">Se debe realizar saneamiento ambiental de los predios donde se alojan caballos y las personas cercanas. Hay que colocar telas mosquiteras en puertas y ventanas de recintos de animales y viviendas. <\/p>\n\n\n\n<p class=\"has-inter-font-family has-small-font-size\">Se deber\u00eda hacer el drenaje o rellenado de los espacios con agua que puedan servir criaderos de mosquitos. Tambi\u00e9n se debe desmalezar las zonas que rodean a edificios y los predios verdes para disminuir la presencia de mosquitos adultos. <\/p>\n\n\n\n<p class=\"has-inter-font-family has-small-font-size\">En zonas donde se alojan caballos, se recomienda el uso de ropa de trabajo clara y de manga larga y la utilizaci\u00f3n de espirales en el exterior y pastillas o aerosoles en el interior de las edificaciones. Hay que hacer aplicaci\u00f3n peri\u00f3dica de repelentes de insectos con el ingrediente activo DEET mientras se realizan tareas en el exterior o dentro de establecimientos de animales. Es necesario volver a aplicar el producto peri\u00f3dicamente. <\/p>\n\n\n\n<p class=\"has-inter-font-family has-small-font-size\"><strong>7- \u00bfHay vacunas para la encefalomielitis?<\/strong><\/p>\n\n\n\n<p class=\"has-inter-font-family has-small-font-size\">A\u00fan no hay vacunas seguras y autorizadas para la encefalomielitis equina en humanos. En cambio, s\u00ed existen para animales. <\/p>\n\n\n\n<p class=\"has-inter-font-family has-small-font-size\">En el alerta de la OMS, se recomienda la vacunaci\u00f3n de los equinos. \u201cEs aconsejable buscar coberturas de vacunaci\u00f3n elevadas entre los \u00e9quidos susceptibles en las zonas consideradas de riesgo y realizar refuerzos anuales de vacunaci\u00f3n\u201d, indic\u00f3 la agencia sanitaria. <\/p>\n\n\n\n<p class=\"has-inter-font-family has-small-font-size\">En 2016 la vacuna hab\u00eda dejado de ser obligatoria en animales en la Argentina. A ra\u00edz de los brotes desde noviembre, el Senasa declar\u00f3 la emergencia sanitaria e inform\u00f3 d\u00edas atr\u00e1s que \u201cest\u00e1 coordinando con las c\u00e1maras de Productos Veterinarios de forma tal de tener disponibilidad y distribuci\u00f3n de la mayor cantidad de vacunas en el menor tiempo posible\u201d.<\/p>\n","protected":false},"excerpt":{"rendered":"<p>La Argentina est\u00e1 enfrentando un brote epid\u00e9mico de la encefalomielitis equina del Oeste, una infecci\u00f3n causada por un virus que se transmite por mosquitos. El mal caus\u00f3 la muerte de una persona en las \u00faltimas horas y, desde noviembre pasado, se detectaron m\u00e1s de 1.100 brotes de la infecci\u00f3n en caballos, yeguas y burros. Diferentes [&hellip;]<\/p>\n","protected":false},"author":2,"featured_media":0,"parent":0,"menu_order":0,"comment_status":"closed","ping_status":"closed","template":"","meta":{"footnotes":""},"class_list":["post-61","page","type-page","status-publish","hentry"],"_links":{"self":[{"href":"https:\/\/institutomedicoplatense.com\/blog\/wp-json\/wp\/v2\/pages\/61","targetHints":{"allow":["GET"]}}],"collection":[{"href":"https:\/\/institutomedicoplatense.com\/blog\/wp-json\/wp\/v2\/pages"}],"about":[{"href":"https:\/\/institutomedicoplatense.com\/blog\/wp-json\/wp\/v2\/types\/page"}],"author":[{"embeddable":true,"href":"https:\/\/institutomedicoplatense.com\/blog\/wp-json\/wp\/v2\/users\/2"}],"replies":[{"embeddable":true,"href":"https:\/\/institutomedicoplatense.com\/blog\/wp-json\/wp\/v2\/comments?post=61"}],"version-history":[{"count":3,"href":"https:\/\/institutomedicoplatense.com\/blog\/wp-json\/wp\/v2\/pages\/61\/revisions"}],"predecessor-version":[{"id":76,"href":"https:\/\/institutomedicoplatense.com\/blog\/wp-json\/wp\/v2\/pages\/61\/revisions\/76"}],"wp:attachment":[{"href":"https:\/\/institutomedicoplatense.com\/blog\/wp-json\/wp\/v2\/media?parent=61"}],"curies":[{"name":"wp","href":"https:\/\/api.w.org\/{rel}","templated":true}]}}