{"id":59,"date":"2026-01-24T19:40:08","date_gmt":"2026-01-24T19:40:08","guid":{"rendered":"https:\/\/institutomedicoplatense.com\/blog\/?page_id=59"},"modified":"2026-01-24T19:40:08","modified_gmt":"2026-01-24T19:40:08","slug":"dia-mundial-del-cancer-renal-los-casos-en-argentina-pueden-aumentar-mas-del-50-para-2045","status":"publish","type":"page","link":"https:\/\/institutomedicoplatense.com\/blog\/dia-mundial-del-cancer-renal-los-casos-en-argentina-pueden-aumentar-mas-del-50-para-2045\/","title":{"rendered":"D\u00eda mundial del c\u00e1ncer renal. Los casos en argentina pueden aumentar mas del 50 para 2045"},"content":{"rendered":"\n<figure class=\"wp-block-image size-large\"><a href=\"https:\/\/institutomedicoplatense.com\/blog\/wp-content\/uploads\/2026\/01\/n-cancerrinon.png\"><img loading=\"lazy\" decoding=\"async\" width=\"1024\" height=\"512\" src=\"https:\/\/institutomedicoplatense.com\/blog\/wp-content\/uploads\/2026\/01\/n-cancerrinon-1024x512.png\" alt=\"\" class=\"wp-image-19\" srcset=\"https:\/\/institutomedicoplatense.com\/blog\/wp-content\/uploads\/2026\/01\/n-cancerrinon-1024x512.png 1024w, https:\/\/institutomedicoplatense.com\/blog\/wp-content\/uploads\/2026\/01\/n-cancerrinon-300x150.png 300w, https:\/\/institutomedicoplatense.com\/blog\/wp-content\/uploads\/2026\/01\/n-cancerrinon-768x384.png 768w, https:\/\/institutomedicoplatense.com\/blog\/wp-content\/uploads\/2026\/01\/n-cancerrinon.png 1200w\" sizes=\"auto, (max-width: 1024px) 100vw, 1024px\" \/><\/a><\/figure>\n\n\n\n<p>En el marco del D\u00eda Mundial del C\u00e1ncer Renal, expertos advierten sobre el preocupante aumento de casos de c\u00e1ncer de ri\u00f1\u00f3n en la Argentina. Seg\u00fan las proyecciones de la Agencia Internacional para la Investigaci\u00f3n sobre el C\u00e1ncer (IARC), se espera que los casos de esta enfermedad en el pa\u00eds aumenten un 56,1% para el a\u00f1o 2045.<\/p>\n\n\n\n<pre class=\"wp-block-code has-system-font-font-family has-medium-font-size\"><code>Aunque el c\u00e1ncer de ri\u00f1\u00f3n no es uno de los m\u00e1s prevalentes en el pa\u00eds, los especialistas insisten en la importancia de la prevenci\u00f3n y la detecci\u00f3n temprana para mejorar las tasas de curaci\u00f3n.\n\nDe acuerdo con los datos proporcionados por el Observatorio Global del C\u00e1ncer (GLOBOCAN), el c\u00e1ncer de ri\u00f1\u00f3n ocupa el puesto 14 en incidencia a nivel mundial, y el 16 en t\u00e9rminos de mortalidad. A pesar de su menor frecuencia en comparaci\u00f3n con otros tipos de c\u00e1ncer, la IARC ha se\u00f1alado un aumento sostenido en los casos de c\u00e1ncer renal en todo el mundo.\n\n<strong>Factores de riesgo y prevenci\u00f3n<\/strong>\n\nLas causas del c\u00e1ncer renal est\u00e1n principalmente relacionadas con alteraciones en el material gen\u00e9tico de las c\u00e9lulas del ri\u00f1\u00f3n. Estas alteraciones pueden ser tanto hereditarias como adquiridas a lo largo de la vida. Las causas adquiridas son las m\u00e1s comunes y est\u00e1n asociadas a factores de riesgo como el tabaquismo, la obesidad, y la exposici\u00f3n a sustancias qu\u00edmicas. Estos factores pueden da\u00f1ar el ADN de las c\u00e9lulas renales y alterar el funcionamiento de los genes que regulan el crecimiento celular, favoreciendo as\u00ed el desarrollo de tumores.<\/code><\/pre>\n\n\n\n<blockquote class=\"wp-block-quote is-layout-flow wp-block-quote-is-layout-flow\">\n<p>En este contexto, Gabriela Bugar\u00edn, directora m\u00e9dica de Oncolog\u00eda del laboratorio MSD, destaca: \u201cDejar de fumar, hacer ejercicio regularmente, mantener una alimentaci\u00f3n saludable, controlar la presi\u00f3n arterial y evitar la exposici\u00f3n a sustancias t\u00f3xicas como el tricloroetileno son medidas clave de prevenci\u00f3n\u201d.<\/p>\n<\/blockquote>\n\n\n\n<p><br><strong>La importancia de la detecci\u00f3n temprana<\/strong><\/p>\n\n\n\n<p>El c\u00e1ncer de ri\u00f1\u00f3n tiene la particularidad de que, en sus primeras etapas, no suele presentar s\u00edntomas evidentes. Dado que los tumores peque\u00f1os est\u00e1n ubicados en una zona profunda del cuerpo, no pueden detectarse f\u00e1cilmente mediante un examen f\u00edsico. Bugar\u00edn se\u00f1ala: \u201cA menudo el diagn\u00f3stico se realiza por casualidad, durante estudios por im\u00e1genes solicitados por otros motivos\u201d. Por eso, es fundamental someterse a controles peri\u00f3dicos, especialmente para aquellos que tienen antecedentes familiares de c\u00e1ncer renal, enfermedades hereditarias o problemas renales cr\u00f3nicos.<\/p>\n\n\n\n<blockquote class=\"wp-block-quote is-layout-flow wp-block-quote-is-layout-flow\">\n<p>En este contexto, el Dr. Hernando Rios Pita, m\u00e9dico del Servicio de Urolog\u00eda del Hospital Alem\u00e1n, agrega: \u201cEs crucial que las personas en grupos de riesgo se realicen chequeos regulares. Muchos casos se detectan de forma incidental y eso puede marcar la diferencia en la efectividad del tratamiento\u201d.<\/p>\n<\/blockquote>\n\n\n\n<p>Los estudios m\u00e1s comunes para detectar esta enfermedad son las ecograf\u00edas, las tomograf\u00edas y las resonancias magn\u00e9ticas. Estos ex\u00e1menes permiten detectar tumores en fases tempranas, cuando las opciones de tratamiento son m\u00e1s efectivas.<br><br>A medida que el c\u00e1ncer de ri\u00f1\u00f3n avanza, pueden comenzar a aparecer s\u00edntomas, como sangre en la orina (hematuria), dolor persistente en el costado, masa palpable en la espalda baja, fatiga, p\u00e9rdida de apetito, p\u00e9rdida de peso inexplicada, fiebre prolongada sin causa aparente y anemia. En esos casos, los estudios por im\u00e1genes son muy importantes para confirmar el diagn\u00f3stico.<br><br><strong>Opciones de tratamiento seg\u00fan el estadio de la enfermedad<\/strong><\/p>\n\n\n\n<p>El tratamiento del c\u00e1ncer renal var\u00eda seg\u00fan el estadio de la enfermedad y el estado general del paciente. En los estadios tempranos, la cirug\u00eda es la primera opci\u00f3n, y se utiliza para extirpar el tumor. Bugar\u00edn explica que \u201cm\u00e1s del 50% de los pacientes diagnosticados en el primer estadio pueden curarse\u201d. En los casos m\u00e1s avanzados, se utilizan tratamientos sist\u00e9micos como la inmunoterapia, las terapias dirigidas y la quimioterapia. Estos tratamientos act\u00faan a nivel general y ayudan a frenar la diseminaci\u00f3n del c\u00e1ncer.<br><br><br>El pron\u00f3stico de curaci\u00f3n depende de la etapa en que se detecta la enfermedad. Seg\u00fan el Instituto Nacional del C\u00e1ncer de Estados Unidos, la tasa de supervivencia a cinco a\u00f1os para los pacientes con c\u00e1ncer de ri\u00f1\u00f3n localizado (cuando no se ha diseminado fuera del ri\u00f1\u00f3n) es del 93%. Sin embargo, cuando la enfermedad se ha diseminado a otros \u00f3rganos, esta tasa disminuye considerablemente: 75% si se ha propagado a los ganglios linf\u00e1ticos y 18% si ha llegado a otros \u00f3rganos como los pulmones, huesos o cerebro.<\/p>\n\n\n\n<blockquote class=\"wp-block-quote is-layout-flow wp-block-quote-is-layout-flow\">\n<p>\u201cEl diagn\u00f3stico temprano sigue siendo la mejor herramienta para superar esta enfermedad\u201d, concluye Bugar\u00edn. En los \u00faltimos a\u00f1os, la mejora en la detecci\u00f3n temprana, gracias a la mayor disponibilidad de estudios por im\u00e1genes, ha permitido una detecci\u00f3n m\u00e1s precoz, lo que ha contribuido a una disminuci\u00f3n en las tasas de mortalidad.<\/p>\n<\/blockquote>\n\n\n\n<p>El Dr. Hernando Rios Pita refuerza esta idea, afirmando que \u201clas tasas de curaci\u00f3n dependen en gran medida de la etapa en la que se diagnostica la enfermedad. Si se detecta a tiempo, las opciones de tratamiento son mucho m\u00e1s exitosas\u201d.<br><br>El aumento proyectado de los casos de c\u00e1ncer renal en la Argentina resalta la importancia de la prevenci\u00f3n y la detecci\u00f3n temprana de esta enfermedad. Las estrategias preventivas, como dejar de fumar, mantener un peso saludable y realizar chequeos peri\u00f3dicos, son claves para reducir el riesgo. Adem\u00e1s, los avances en la medicina permiten ofrecer opciones de tratamiento que, cuando se aplican de manera temprana, ofrecen tasas de curaci\u00f3n que superan el 90%. Actuar a tiempo sigue siendo la mejor forma de enfrentar esta enfermedad, cuyo aumento en la incidencia exige una respuesta activa por parte de la sociedad y los profesionales de la salud.<\/p>\n","protected":false},"excerpt":{"rendered":"<p>En el marco del D\u00eda Mundial del C\u00e1ncer Renal, expertos advierten sobre el preocupante aumento de casos de c\u00e1ncer de ri\u00f1\u00f3n en la Argentina. Seg\u00fan las proyecciones de la Agencia Internacional para la Investigaci\u00f3n sobre el C\u00e1ncer (IARC), se espera que los casos de esta enfermedad en el pa\u00eds aumenten un 56,1% para el a\u00f1o [&hellip;]<\/p>\n","protected":false},"author":2,"featured_media":0,"parent":0,"menu_order":0,"comment_status":"closed","ping_status":"closed","template":"","meta":{"footnotes":""},"class_list":["post-59","page","type-page","status-publish","hentry"],"_links":{"self":[{"href":"https:\/\/institutomedicoplatense.com\/blog\/wp-json\/wp\/v2\/pages\/59","targetHints":{"allow":["GET"]}}],"collection":[{"href":"https:\/\/institutomedicoplatense.com\/blog\/wp-json\/wp\/v2\/pages"}],"about":[{"href":"https:\/\/institutomedicoplatense.com\/blog\/wp-json\/wp\/v2\/types\/page"}],"author":[{"embeddable":true,"href":"https:\/\/institutomedicoplatense.com\/blog\/wp-json\/wp\/v2\/users\/2"}],"replies":[{"embeddable":true,"href":"https:\/\/institutomedicoplatense.com\/blog\/wp-json\/wp\/v2\/comments?post=59"}],"version-history":[{"count":2,"href":"https:\/\/institutomedicoplatense.com\/blog\/wp-json\/wp\/v2\/pages\/59\/revisions"}],"predecessor-version":[{"id":85,"href":"https:\/\/institutomedicoplatense.com\/blog\/wp-json\/wp\/v2\/pages\/59\/revisions\/85"}],"wp:attachment":[{"href":"https:\/\/institutomedicoplatense.com\/blog\/wp-json\/wp\/v2\/media?parent=59"}],"curies":[{"name":"wp","href":"https:\/\/api.w.org\/{rel}","templated":true}]}}