{"id":2,"date":"2013-11-06T11:55:36","date_gmt":"2013-11-06T11:55:36","guid":{"rendered":"https:\/\/institutomedicoplatense.com\/blog\/?page_id=2"},"modified":"2026-02-04T13:24:12","modified_gmt":"2026-02-04T13:24:12","slug":"pagina-ejemplo","status":"publish","type":"page","link":"https:\/\/institutomedicoplatense.com\/blog\/pagina-ejemplo\/","title":{"rendered":""},"content":{"rendered":"\n<div class=\"wp-block-query is-layout-flow wp-block-query-is-layout-flow\">\n<div class=\"wp-block-buttons is-layout-flex wp-block-buttons-is-layout-flex\">\n<div class=\"wp-block-button\"><a class=\"wp-block-button__link has-contrast-color has-base-background-color has-text-color has-background has-link-color has-small-font-size has-custom-font-size wp-element-button\" href=\"https:\/\/institutomedicoplatense.com\/\" rel=\"https:\/\/institutomedicoplatense.com\/\"><strong>Volver al sitio<\/strong><\/a><\/div>\n<\/div>\n<\/div>\n\n\n<ul style=\"border-top-left-radius:18px;border-top-right-radius:18px;border-bottom-left-radius:18px;border-bottom-right-radius:18px;border-style:none;border-width:0px; padding-top:0;padding-bottom:0;margin-top:var(--wp--preset--spacing--30);margin-bottom:var(--wp--preset--spacing--30);\" class=\"wp-block-latest-posts__list has-link-color wp-elements-68833d5d04d2125eff2996b24a3984ef wp-block-latest-posts has-text-color has-vivid-red-color has-background has-base-background-color has-small-font-size\"><li><a class=\"wp-block-latest-posts__post-title\" href=\"https:\/\/institutomedicoplatense.com\/blog\/los-habitos-cotidianos-que-pueden-debilitar-tus-huesos-segun-expertos-de-harvard\/\">Los h\u00e1bitos cotidianos que pueden debilitar tus huesos, seg\u00fan expertos de Harvard<\/a><\/li>\n<li><a class=\"wp-block-latest-posts__post-title\" href=\"https:\/\/institutomedicoplatense.com\/blog\/dia-internacional-de-accion-contra-la-migrana-5-recomendaciones-para-mejorar-la-calidad-de-vida\/\">Migra\u00f1a: 5 recomendaciones para mejorar la calidad de vida<\/a><\/li>\n<li><a class=\"wp-block-latest-posts__post-title\" href=\"https:\/\/institutomedicoplatense.com\/blog\/la-gripe-y-el-covid-aumentan-el-riesgo-de-ataque-cardiaco-y-accidente-cerebrovascular\/\">La gripe y el COVID aumentan el riesgo de ataque cardiaco y accidente cerebrovascular<\/a><\/li>\n<li><a class=\"wp-block-latest-posts__post-title\" href=\"https:\/\/institutomedicoplatense.com\/blog\/el-desafio-de-cuidar-el-corazon-durante-el-embarazo-por-que-la-prevencion-es-clave-para-la-salud-materna\/\">El desaf\u00edo de cuidar el coraz\u00f3n durante el embarazo: por qu\u00e9 la prevenci\u00f3n es clave para la salud materna<\/a><\/li>\n<li><a class=\"wp-block-latest-posts__post-title\" href=\"https:\/\/institutomedicoplatense.com\/blog\/cual-es-la-mejor-forma-de-obtener-vitamina-d-y-por-que-es-tan-importante-para-la-salud\/\">Cu\u00e1l es la mejor forma de obtener vitamina D y por qu\u00e9 es tan importante para la salud<\/a><\/li>\n<li><a class=\"wp-block-latest-posts__post-title\" href=\"https:\/\/institutomedicoplatense.com\/blog\/un-20-de-los-varones-es-portador-de-vph-de-alto-riesgo-en-el-mundo\/\">Un 20% de los varones es portador de VPH de alto riesgo en el mundo<\/a><\/li>\n<li><a class=\"wp-block-latest-posts__post-title\" href=\"https:\/\/institutomedicoplatense.com\/blog\/las-7-claves-para-entender-que-es-la-encefalomielitis-equina-y-como-afecta-a-los-humanos\/\">Las 7 claves para entender qu\u00e9 es la encefalomielitis equina y c\u00f3mo afecta a los humanos<\/a><\/li>\n<li><a class=\"wp-block-latest-posts__post-title\" href=\"https:\/\/institutomedicoplatense.com\/blog\/uno-de-cada-10-argentinos-tiene-diabetes-como-impacta-en-la-salud-del-corazon\/\">Uno de cada 10 argentinos tiene diabetes: c\u00f3mo impacta en la salud del coraz\u00f3n<\/a><\/li>\n<li><a class=\"wp-block-latest-posts__post-title\" href=\"https:\/\/institutomedicoplatense.com\/blog\/dia-mundial-del-cancer-renal-los-casos-en-argentina-pueden-aumentar-mas-del-50-para-2045\/\">D\u00eda Mundial del C\u00e1ncer Renal: los casos en Argentina pueden aumentar m\u00e1s del 50% para 2045<\/a><\/li>\n<\/ul>\n\n<form role=\"search\" method=\"get\" action=\"https:\/\/institutomedicoplatense.com\/blog\/\" class=\"wp-block-search__button-outside wp-block-search__icon-button wp-block-search\"    ><label class=\"wp-block-search__label\" for=\"wp-block-search__input-1\" >Buscar<\/label><div class=\"wp-block-search__inside-wrapper\"  style=\"width: 650px\"><input class=\"wp-block-search__input\" id=\"wp-block-search__input-1\" placeholder=\"\" value=\"\" type=\"search\" name=\"s\" required \/><button aria-label=\"Buscar\" class=\"wp-block-search__button has-text-color has-base-color has-background has-vivid-red-background-color has-icon wp-element-button\" type=\"submit\" ><svg class=\"search-icon\" viewBox=\"0 0 24 24\" width=\"24\" height=\"24\">\n\t\t\t\t\t<path d=\"M13 5c-3.3 0-6 2.7-6 6 0 1.4.5 2.7 1.3 3.7l-3.8 3.8 1.1 1.1 3.8-3.8c1 .8 2.3 1.3 3.7 1.3 3.3 0 6-2.7 6-6S16.3 5 13 5zm0 10.5c-2.5 0-4.5-2-4.5-4.5s2-4.5 4.5-4.5 4.5 2 4.5 4.5-2 4.5-4.5 4.5z\"><\/path>\n\t\t\t\t<\/svg><\/button><\/div><\/form>","protected":false},"excerpt":{"rendered":"","protected":false},"author":2,"featured_media":0,"parent":0,"menu_order":0,"comment_status":"open","ping_status":"open","template":"","meta":{"footnotes":""},"class_list":["post-2","page","type-page","status-publish","hentry"],"_links":{"self":[{"href":"https:\/\/institutomedicoplatense.com\/blog\/wp-json\/wp\/v2\/pages\/2","targetHints":{"allow":["GET"]}}],"collection":[{"href":"https:\/\/institutomedicoplatense.com\/blog\/wp-json\/wp\/v2\/pages"}],"about":[{"href":"https:\/\/institutomedicoplatense.com\/blog\/wp-json\/wp\/v2\/types\/page"}],"author":[{"embeddable":true,"href":"https:\/\/institutomedicoplatense.com\/blog\/wp-json\/wp\/v2\/users\/2"}],"replies":[{"embeddable":true,"href":"https:\/\/institutomedicoplatense.com\/blog\/wp-json\/wp\/v2\/comments?post=2"}],"version-history":[{"count":32,"href":"https:\/\/institutomedicoplatense.com\/blog\/wp-json\/wp\/v2\/pages\/2\/revisions"}],"predecessor-version":[{"id":216,"href":"https:\/\/institutomedicoplatense.com\/blog\/wp-json\/wp\/v2\/pages\/2\/revisions\/216"}],"wp:attachment":[{"href":"https:\/\/institutomedicoplatense.com\/blog\/wp-json\/wp\/v2\/media?parent=2"}],"curies":[{"name":"wp","href":"https:\/\/api.w.org\/{rel}","templated":true}]}}